{"id":942,"date":"2025-09-03T23:32:58","date_gmt":"2025-09-03T23:32:58","guid":{"rendered":"https:\/\/newz.com.mx\/?page_id=942"},"modified":"2025-09-03T23:34:07","modified_gmt":"2025-09-03T23:34:07","slug":"quienes-somos","status":"publish","type":"page","link":"https:\/\/newz.com.mx\/index.php\/quienes-somos\/","title":{"rendered":"\u00bfQui\u00e9nes Somos?"},"content":{"rendered":"\n<p>En Newz.mx creemos en la inclusi\u00f3n, la libertad de expresi\u00f3n, la justicia social y la transformaci\u00f3n del sistema. No seguimos moldes: los rompemos.<br><strong>Somos parte de Medios Digitales Nacionales<\/strong>, una red que promueve medios con voces j\u00f3venes, cr\u00edticas y comprometidas.<\/p>\n\n\n\n<figure class=\"wp-block-image size-full\"><img loading=\"lazy\" decoding=\"async\" width=\"500\" height=\"500\" src=\"https:\/\/newz.com.mx\/wp-content\/uploads\/2025\/09\/newz-1.png\" alt=\"\" class=\"wp-image-946\" srcset=\"https:\/\/newz.com.mx\/wp-content\/uploads\/2025\/09\/newz-1.png 500w, https:\/\/newz.com.mx\/wp-content\/uploads\/2025\/09\/newz-1-300x300.png 300w, https:\/\/newz.com.mx\/wp-content\/uploads\/2025\/09\/newz-1-150x150.png 150w, https:\/\/newz.com.mx\/wp-content\/uploads\/2025\/09\/newz-1-80x80.png 80w\" sizes=\"auto, (max-width: 500px) 100vw, 500px\" \/><\/figure>\n","protected":false},"excerpt":{"rendered":"<p>En Newz.mx creemos en la inclusi\u00f3n, la libertad de expresi\u00f3n, la justicia social y la transformaci\u00f3n del sistema. No seguimos moldes: los rompemos.Somos parte de Medios Digitales Nacionales, una red que promueve medios con voces j\u00f3venes, cr\u00edticas y comprometidas.<\/p>\n","protected":false},"author":1,"featured_media":0,"parent":0,"menu_order":0,"comment_status":"closed","ping_status":"closed","template":"","meta":{"footnotes":""},"class_list":["post-942","page","type-page","status-publish","hentry"],"_links":{"self":[{"href":"https:\/\/newz.com.mx\/index.php\/wp-json\/wp\/v2\/pages\/942","targetHints":{"allow":["GET"]}}],"collection":[{"href":"https:\/\/newz.com.mx\/index.php\/wp-json\/wp\/v2\/pages"}],"about":[{"href":"https:\/\/newz.com.mx\/index.php\/wp-json\/wp\/v2\/types\/page"}],"author":[{"embeddable":true,"href":"https:\/\/newz.com.mx\/index.php\/wp-json\/wp\/v2\/users\/1"}],"replies":[{"embeddable":true,"href":"https:\/\/newz.com.mx\/index.php\/wp-json\/wp\/v2\/comments?post=942"}],"version-history":[{"count":5,"href":"https:\/\/newz.com.mx\/index.php\/wp-json\/wp\/v2\/pages\/942\/revisions"}],"predecessor-version":[{"id":948,"href":"https:\/\/newz.com.mx\/index.php\/wp-json\/wp\/v2\/pages\/942\/revisions\/948"}],"wp:attachment":[{"href":"https:\/\/newz.com.mx\/index.php\/wp-json\/wp\/v2\/media?parent=942"}],"curies":[{"name":"wp","href":"https:\/\/api.w.org\/{rel}","templated":true}]}}